{"id":2837,"date":"2026-01-19T13:03:29","date_gmt":"2026-01-19T13:03:29","guid":{"rendered":"https:\/\/villa-tihiotok.com\/price-list\/"},"modified":"2026-01-23T09:17:28","modified_gmt":"2026-01-23T09:17:28","slug":"price-list","status":"publish","type":"page","link":"https:\/\/villa-tihiotok.com\/de\/price-list\/","title":{"rendered":"Preisliste"},"content":{"rendered":"\t\t<div data-elementor-type=\"wp-page\" data-elementor-id=\"2837\" class=\"elementor elementor-2837 elementor-2699\">\n\t\t\t\t<div class=\"elementor-element elementor-element-446a9347 e-flex e-con-boxed e-con e-parent\" data-id=\"446a9347\" data-element_type=\"container\">\n\t\t\t\t\t<div class=\"e-con-inner\">\n\t\t<div class=\"elementor-element elementor-element-72bbd4fa e-con-full e-flex e-con e-child\" data-id=\"72bbd4fa\" data-element_type=\"container\">\n\t\t\t\t<div class=\"elementor-element elementor-element-aa83999 elementor-widget elementor-widget-html\" data-id=\"aa83999\" data-element_type=\"widget\" data-widget_type=\"html.default\">\n\t\t\t\t\t<style>\ntable.GeneratedTable {\n  width: 100%;\n  max-width: 100%;\n  background-color: #ffffff;\n  border-collapse: collapse;\n  border-width: 2px;\n  border-color: #bb8a5a;\n  border-style: solid;\n  color: #102039;\n}\n\ntable.GeneratedTable td,\ntable.GeneratedTable th {\n  border-width: 2px;\n  border-color: #bb8a5a;\n  border-style: solid;\n  padding: 12px;\n}\n\ntable.GeneratedTable thead th {\n  background-color: #bb8a5a;\n  color: #ffffff;\n  text-align: left;\n}\n<\/style>\n\n<table class=\"GeneratedTable\">\n  <thead>\n    <tr>\n      <th>ZEITRAUM\n<\/th>\n      <th>PREIS - pro Nacht<\/th>\n    <\/tr>\n  <\/thead>\n  <tbody>\n    <tr>\n      <td>01.05\u201305.06.26.<\/td>\n      <td>450 \u20ac<\/td>\n    <\/tr>\n    <tr>\n      <td>06.06\u201303.07.26.<\/td>\n      <td>645 \u20ac<\/td>\n    <\/tr>\n    <tr>\n      <td>04.07\u201328.08.26.<\/td>\n      <td>720 \u20ac<\/td>\n    <\/tr>\n    <tr>\n      <td>29.08\u201304.09.26.<\/td>\n      <td>650 \u20ac<\/td>\n    <\/tr>\n    <tr>\n      <td>05.09\u201311.09.26.<\/td>\n      <td>630 \u20ac<\/td>\n    <\/tr>\n    <tr>\n      <td>12.09\u201318.09.26.<\/td>\n      <td>580 \u20ac<\/td>\n    <\/tr>\n    <tr>\n      <td>19.09\u201325.09.26.<\/td>\n      <td>540 \u20ac<\/td>\n    <\/tr>\n    <tr>\n      <td>26.09\u201331.10.26.<\/td>\n      <td>450 \u20ac<\/td>\n    <\/tr>\n  <\/tbody>\n<\/table>\n\t\t\t\t<\/div>\n\t\t\t\t<\/div>\n\t\t<div class=\"elementor-element elementor-element-261b8bca e-con-full e-flex e-con e-child\" data-id=\"261b8bca\" data-element_type=\"container\">\n\t\t\t\t<div class=\"elementor-element elementor-element-5b65bf30 tj_section_align elementor-align-left elementor-widget elementor-widget-tj-section-title\" data-id=\"5b65bf30\" data-element_type=\"widget\" data-widget_type=\"tj-section-title.default\">\n\t\t\t\t<div class=\"elementor-widget-container\">\n\t\t\t\t\t\n<div class=\"section-heading\">\n\n  \n  <h2 class=\"section-title wow fadeInUp\" data-wow-delay=\"0.5s\">Villa Tihi Otok<\/h2>\n      <div class=\"desc wow fadeInUp\" data-wow-delay=\"0.7s\">\n      <p><strong>Villa Tihi Otok \u2605\u2605\u2605\u2605\u2605<\/strong> ist eine neu erbaute F\u00fcnf-Sterne-Luxusvilla direkt am Strand in Peroj, nahe Fa\u017eana, und bietet einen panoramischen Meerblick sowie einen einzigartigen Ausblick auf den Inselarchipel des Nationalparks Brijuni. Nur 350 Meter vom Strand entfernt vereint diese exklusive Villa Privatsph\u00e4re, Komfort und spektakul\u00e4re Sonnenunterg\u00e4nge \u00fcber der Adria.<\/p><p>Die Villa verf\u00fcgt \u00fcber einen privaten Swimmingpool mit Meerblick, eine gro\u00dfz\u00fcgige Sonnenterrasse sowie einen liebevoll angelegten Garten \u2013 ideal zur Entspannung und f\u00fcr das Leben im Freien. Konzipiert f\u00fcr Familien oder Gruppen bietet die Villa vier Schlafzimmer und drei Badezimmer, darunter begehbare Duschen sowie eine Badewanne, und garantiert h\u00f6chsten Komfort in einem F\u00fcnf-Sterne-Ambiente.<\/p>    <\/div>\n  \n  <\/div>\n\n\t\t\t\t<\/div>\n\t\t\t\t<\/div>\n\t\t\t\t<\/div>\n\t\t\t\t\t<\/div>\n\t\t\t\t<\/div>\n\t\t\t\t<\/div>\n\t\t","protected":false},"excerpt":{"rendered":"<p>ZEITRAUM PREIS &#8211; pro Nacht 01.05\u201305.06.26. 450 \u20ac 06.06\u201303.07.26. 645 \u20ac 04.07\u201328.08.26. 720 \u20ac 29.08\u201304.09.26. 650 \u20ac 05.09\u201311.09.26. 630 \u20ac 12.09\u201318.09.26. 580 \u20ac 19.09\u201325.09.26. 540 \u20ac 26.09\u201331.10.26. 450 \u20ac Villa Tihi Otok Villa Tihi Otok \u2605\u2605\u2605\u2605\u2605 ist eine neu erbaute F\u00fcnf-Sterne-Luxusvilla direkt am Strand in Peroj, nahe Fa\u017eana, und bietet einen panoramischen Meerblick sowie einen [&hellip;]<\/p>\n","protected":false},"author":2,"featured_media":0,"parent":0,"menu_order":0,"comment_status":"closed","ping_status":"closed","template":"elementor_header_footer","meta":{"_acf_changed":false,"footnotes":""},"class_list":["post-2837","page","type-page","status-publish","hentry"],"acf":[],"yoast_head":"<!-- This site is optimized with the Yoast SEO plugin v26.8 - https:\/\/yoast.com\/product\/yoast-seo-wordpress\/ -->\n<title>Preisliste - Villa Tihi Otok<\/title>\n<meta name=\"description\" content=\"Preisliste Villa Tihi Otok, Villa Tihi Otok \u2605\u2605\u2605\u2605\u2605 ist eine neu erbaute F\u00fcnf-Sterne-Luxusvilla direkt am Strand in Peroj, near Fa\u017eana\" \/>\n<meta name=\"robots\" content=\"index, follow, max-snippet:-1, max-image-preview:large, max-video-preview:-1\" \/>\n<link rel=\"canonical\" href=\"https:\/\/villa-tihiotok.com\/de\/price-list\/\" \/>\n<meta property=\"og:locale\" content=\"de_DE\" \/>\n<meta property=\"og:type\" content=\"article\" \/>\n<meta property=\"og:title\" content=\"Preisliste - Villa Tihi Otok\" \/>\n<meta property=\"og:description\" content=\"Preisliste Villa Tihi Otok, Villa Tihi Otok \u2605\u2605\u2605\u2605\u2605 ist eine neu erbaute F\u00fcnf-Sterne-Luxusvilla direkt am Strand in Peroj, near Fa\u017eana\" \/>\n<meta property=\"og:url\" content=\"https:\/\/villa-tihiotok.com\/de\/price-list\/\" \/>\n<meta property=\"og:site_name\" content=\"Villa Tihi Otok\" \/>\n<meta property=\"article:modified_time\" content=\"2026-01-23T09:17:28+00:00\" \/>\n<meta name=\"twitter:card\" content=\"summary_large_image\" \/>\n<meta name=\"twitter:label1\" content=\"Gesch\u00e4tzte Lesezeit\" \/>\n\t<meta name=\"twitter:data1\" content=\"1\u00a0Minute\" \/>\n<script type=\"application\/ld+json\" class=\"yoast-schema-graph\">{\"@context\":\"https:\/\/schema.org\",\"@graph\":[{\"@type\":\"WebPage\",\"@id\":\"https:\/\/villa-tihiotok.com\/de\/price-list\/\",\"url\":\"https:\/\/villa-tihiotok.com\/de\/price-list\/\",\"name\":\"Preisliste - Villa Tihi Otok\",\"isPartOf\":{\"@id\":\"https:\/\/villa-tihiotok.com\/de\/#website\"},\"datePublished\":\"2026-01-19T13:03:29+00:00\",\"dateModified\":\"2026-01-23T09:17:28+00:00\",\"description\":\"Preisliste Villa Tihi Otok, Villa Tihi Otok \u2605\u2605\u2605\u2605\u2605 ist eine neu erbaute F\u00fcnf-Sterne-Luxusvilla direkt am Strand in Peroj, near Fa\u017eana\",\"breadcrumb\":{\"@id\":\"https:\/\/villa-tihiotok.com\/de\/price-list\/#breadcrumb\"},\"inLanguage\":\"de\",\"potentialAction\":[{\"@type\":\"ReadAction\",\"target\":[\"https:\/\/villa-tihiotok.com\/de\/price-list\/\"]}]},{\"@type\":\"BreadcrumbList\",\"@id\":\"https:\/\/villa-tihiotok.com\/de\/price-list\/#breadcrumb\",\"itemListElement\":[{\"@type\":\"ListItem\",\"position\":1,\"name\":\"Home\",\"item\":\"https:\/\/villa-tihiotok.com\/de\/\"},{\"@type\":\"ListItem\",\"position\":2,\"name\":\"Preisliste\"}]},{\"@type\":\"WebSite\",\"@id\":\"https:\/\/villa-tihiotok.com\/de\/#website\",\"url\":\"https:\/\/villa-tihiotok.com\/de\/\",\"name\":\"Villa Tihi Otok\",\"description\":\"Luxury Beachfront Villa in Peroj near Fa\u017eana\",\"publisher\":{\"@id\":\"https:\/\/villa-tihiotok.com\/de\/#organization\"},\"potentialAction\":[{\"@type\":\"SearchAction\",\"target\":{\"@type\":\"EntryPoint\",\"urlTemplate\":\"https:\/\/villa-tihiotok.com\/de\/?s={search_term_string}\"},\"query-input\":{\"@type\":\"PropertyValueSpecification\",\"valueRequired\":true,\"valueName\":\"search_term_string\"}}],\"inLanguage\":\"de\"},{\"@type\":\"Organization\",\"@id\":\"https:\/\/villa-tihiotok.com\/de\/#organization\",\"name\":\"Villa Tihi Otok\",\"url\":\"https:\/\/villa-tihiotok.com\/de\/\",\"logo\":{\"@type\":\"ImageObject\",\"inLanguage\":\"de\",\"@id\":\"https:\/\/villa-tihiotok.com\/de\/#\/schema\/logo\/image\/\",\"url\":\"https:\/\/villa-tihiotok.com\/wp-content\/uploads\/2026\/01\/villa-tihi-otok.png\",\"contentUrl\":\"https:\/\/villa-tihiotok.com\/wp-content\/uploads\/2026\/01\/villa-tihi-otok.png\",\"width\":688,\"height\":286,\"caption\":\"Villa Tihi Otok\"},\"image\":{\"@id\":\"https:\/\/villa-tihiotok.com\/de\/#\/schema\/logo\/image\/\"}}]}<\/script>\n<!-- \/ Yoast SEO plugin. -->","yoast_head_json":{"title":"Preisliste - Villa Tihi Otok","description":"Preisliste Villa Tihi Otok, Villa Tihi Otok \u2605\u2605\u2605\u2605\u2605 ist eine neu erbaute F\u00fcnf-Sterne-Luxusvilla direkt am Strand in Peroj, near Fa\u017eana","robots":{"index":"index","follow":"follow","max-snippet":"max-snippet:-1","max-image-preview":"max-image-preview:large","max-video-preview":"max-video-preview:-1"},"canonical":"https:\/\/villa-tihiotok.com\/de\/price-list\/","og_locale":"de_DE","og_type":"article","og_title":"Preisliste - Villa Tihi Otok","og_description":"Preisliste Villa Tihi Otok, Villa Tihi Otok \u2605\u2605\u2605\u2605\u2605 ist eine neu erbaute F\u00fcnf-Sterne-Luxusvilla direkt am Strand in Peroj, near Fa\u017eana","og_url":"https:\/\/villa-tihiotok.com\/de\/price-list\/","og_site_name":"Villa Tihi Otok","article_modified_time":"2026-01-23T09:17:28+00:00","twitter_card":"summary_large_image","twitter_misc":{"Gesch\u00e4tzte Lesezeit":"1\u00a0Minute"},"schema":{"@context":"https:\/\/schema.org","@graph":[{"@type":"WebPage","@id":"https:\/\/villa-tihiotok.com\/de\/price-list\/","url":"https:\/\/villa-tihiotok.com\/de\/price-list\/","name":"Preisliste - Villa Tihi Otok","isPartOf":{"@id":"https:\/\/villa-tihiotok.com\/de\/#website"},"datePublished":"2026-01-19T13:03:29+00:00","dateModified":"2026-01-23T09:17:28+00:00","description":"Preisliste Villa Tihi Otok, Villa Tihi Otok \u2605\u2605\u2605\u2605\u2605 ist eine neu erbaute F\u00fcnf-Sterne-Luxusvilla direkt am Strand in Peroj, near Fa\u017eana","breadcrumb":{"@id":"https:\/\/villa-tihiotok.com\/de\/price-list\/#breadcrumb"},"inLanguage":"de","potentialAction":[{"@type":"ReadAction","target":["https:\/\/villa-tihiotok.com\/de\/price-list\/"]}]},{"@type":"BreadcrumbList","@id":"https:\/\/villa-tihiotok.com\/de\/price-list\/#breadcrumb","itemListElement":[{"@type":"ListItem","position":1,"name":"Home","item":"https:\/\/villa-tihiotok.com\/de\/"},{"@type":"ListItem","position":2,"name":"Preisliste"}]},{"@type":"WebSite","@id":"https:\/\/villa-tihiotok.com\/de\/#website","url":"https:\/\/villa-tihiotok.com\/de\/","name":"Villa Tihi Otok","description":"Luxury Beachfront Villa in Peroj near Fa\u017eana","publisher":{"@id":"https:\/\/villa-tihiotok.com\/de\/#organization"},"potentialAction":[{"@type":"SearchAction","target":{"@type":"EntryPoint","urlTemplate":"https:\/\/villa-tihiotok.com\/de\/?s={search_term_string}"},"query-input":{"@type":"PropertyValueSpecification","valueRequired":true,"valueName":"search_term_string"}}],"inLanguage":"de"},{"@type":"Organization","@id":"https:\/\/villa-tihiotok.com\/de\/#organization","name":"Villa Tihi Otok","url":"https:\/\/villa-tihiotok.com\/de\/","logo":{"@type":"ImageObject","inLanguage":"de","@id":"https:\/\/villa-tihiotok.com\/de\/#\/schema\/logo\/image\/","url":"https:\/\/villa-tihiotok.com\/wp-content\/uploads\/2026\/01\/villa-tihi-otok.png","contentUrl":"https:\/\/villa-tihiotok.com\/wp-content\/uploads\/2026\/01\/villa-tihi-otok.png","width":688,"height":286,"caption":"Villa Tihi Otok"},"image":{"@id":"https:\/\/villa-tihiotok.com\/de\/#\/schema\/logo\/image\/"}}]}},"_links":{"self":[{"href":"https:\/\/villa-tihiotok.com\/de\/wp-json\/wp\/v2\/pages\/2837","targetHints":{"allow":["GET"]}}],"collection":[{"href":"https:\/\/villa-tihiotok.com\/de\/wp-json\/wp\/v2\/pages"}],"about":[{"href":"https:\/\/villa-tihiotok.com\/de\/wp-json\/wp\/v2\/types\/page"}],"author":[{"embeddable":true,"href":"https:\/\/villa-tihiotok.com\/de\/wp-json\/wp\/v2\/users\/2"}],"replies":[{"embeddable":true,"href":"https:\/\/villa-tihiotok.com\/de\/wp-json\/wp\/v2\/comments?post=2837"}],"version-history":[{"count":5,"href":"https:\/\/villa-tihiotok.com\/de\/wp-json\/wp\/v2\/pages\/2837\/revisions"}],"predecessor-version":[{"id":2964,"href":"https:\/\/villa-tihiotok.com\/de\/wp-json\/wp\/v2\/pages\/2837\/revisions\/2964"}],"wp:attachment":[{"href":"https:\/\/villa-tihiotok.com\/de\/wp-json\/wp\/v2\/media?parent=2837"}],"curies":[{"name":"wp","href":"https:\/\/api.w.org\/{rel}","templated":true}]}}